{"id":5349,"date":"2019-04-05T12:30:21","date_gmt":"2019-04-05T12:30:21","guid":{"rendered":"http:\/\/dannci.wpmasters.org\/magazines\/ables\/?page_id=5349"},"modified":"2023-09-01T16:14:07","modified_gmt":"2023-09-01T16:14:07","slug":"home","status":"publish","type":"page","link":"https:\/\/dfltransferenciadecargas.com.br\/blog\/home\/","title":{"rendered":"In\u00edcio"},"content":{"rendered":"\t\t<div data-elementor-type=\"wp-post\" data-elementor-id=\"5349\" class=\"elementor elementor-5349\">\n\t\t\t\t\t\t\t\t\t<section class=\"elementor-section elementor-top-section elementor-element elementor-element-7a57e35 elementor-section-boxed elementor-section-height-default elementor-section-height-default\" data-id=\"7a57e35\" data-element_type=\"section\">\n\t\t\t\t\t\t<div class=\"elementor-container elementor-column-gap-no\">\n\t\t\t\t\t<div class=\"elementor-column elementor-col-100 elementor-top-column elementor-element elementor-element-1864c3b\" data-id=\"1864c3b\" data-element_type=\"column\">\n\t\t\t<div class=\"elementor-widget-wrap elementor-element-populated\">\n\t\t\t\t\t\t\t\t<div class=\"elementor-element elementor-element-831fac4 elementor-widget elementor-widget-wp-widget-gutenverse_mag_1\" data-id=\"831fac4\" data-element_type=\"widget\" data-widget_type=\"wp-widget-gutenverse_mag_1.default\">\n\t\t\t\t<div class=\"elementor-widget-container\">\n\t\t\t\t\t\r\n\t\t\t\t\r\n        \t        \r\n                <div class=\"block_title container_vis\">\r\n        \r\n                    <span>DFL- Transfer\u00eancia de Cargas<\/span>\r\n                \r\n                    <h2>Postagens mais recentes<\/h2>\r\n                    \r\n                <\/div>\r\n            \t\r\n                        \r\n\t\t\t            <div class=\"mag_block_1 layout_col_3\t\t\t excerpt_enabled                         tmnf_titles_are_medium            \">\r\n\t\t\t\r\n\t\t\t\t\t\t\t\t<div class=\"item item_small post-6515 post type-post status-publish format-standard has-post-thumbnail hentry category-uncategorized\">  \r\n                                        \t<div class=\"imgwrap\">\r\n\t\t\t\t\t\t\t                            <div class=\"icon-rating tranz\"><\/div>\r\n                            <a href=\"https:\/\/dfltransferenciadecargas.com.br\/blog\/2024\/05\/17\/solidariedade-amor-em-forma-de-acao-juntos-vamos-ajudar-no-rs\/\">\r\n                                <img loading=\"lazy\" decoding=\"async\" width=\"409\" height=\"320\" src=\"https:\/\/dfltransferenciadecargas.com.br\/blog\/wp-content\/uploads\/2024\/05\/CAPAS-BLOG-19-409x320.png\" class=\"tranz wp-post-image\" alt=\"\" \/>                            <\/a>\r\n                        <\/div>\r\n                     \t\r\n                    <div class=\"item_inn tranz\">\r\n                        <h2 class=\"posttitle tmnf_title\"><a class=\"link link--forsure\" href=\"https:\/\/dfltransferenciadecargas.com.br\/blog\/2024\/05\/17\/solidariedade-amor-em-forma-de-acao-juntos-vamos-ajudar-no-rs\/\">Solidariedade &#8211; Amor em forma de a\u00e7\u00e3o &#8211; Juntos vamos ajudar no RS.<\/a><\/h2>\r\n                        <div class=\"clearfix\"><\/div>\r\n                           \r\n\t\t<p class=\"meta meta_deko tranz \">\r\n\t\t\t<span class=\"post-date\">Maio 17, 2024<span class=\"divider\">&bull;<\/span><\/span>\r\n\t\t\t<span class=\"categs\"><a href=\"https:\/\/dfltransferenciadecargas.com.br\/blog\/category\/uncategorized\/\" rel=\"category tag\">Uncategorized<\/a><\/span>\r\n\t\t\t<span class=\"commes\"><\/span>\r\n\t\t<\/p>\r\n\t                        <div class=\"clearfix\"><\/div>\r\n                    \t                    \t\t<div class=\"tmnf_excerpt\">Nas \u00faltimas semanas, estamos acompanhando o desastre que ocorreu no Rio Grande do Sul. Centenas de fam\u00edlias foram atingidas pelas<span class=\"helip\">...<\/span><\/div>\r\n                    \t                           \r\n\t\t<span class=\"meta meta_more tranz \">\r\n\t\t\t\t<a href=\"https:\/\/dfltransferenciadecargas.com.br\/blog\/2024\/05\/17\/solidariedade-amor-em-forma-de-acao-juntos-vamos-ajudar-no-rs\/\">Read More <span class=\"gimmimore tranz\">&rarr;<\/span><\/a>\r\n\t\r\n\t\t<\/span>\r\n\t                    <\/div><!-- end .item_inn -->     \r\n                <\/div><!-- end .item -->\r\n\t\t\t\r\n\t\t\t\t\t\t\t\t<div class=\"item item_small post-6497 post type-post status-publish format-standard has-post-thumbnail hentry category-uncategorized\">  \r\n                                        \t<div class=\"imgwrap\">\r\n\t\t\t\t\t\t\t                            <div class=\"icon-rating tranz\"><\/div>\r\n                            <a href=\"https:\/\/dfltransferenciadecargas.com.br\/blog\/2024\/04\/12\/embarque-com-declaracao-de-conteudo\/\">\r\n                                <img loading=\"lazy\" decoding=\"async\" width=\"409\" height=\"320\" src=\"https:\/\/dfltransferenciadecargas.com.br\/blog\/wp-content\/uploads\/2024\/04\/CAPAS-BLOG-14-409x320.png\" class=\"tranz wp-post-image\" alt=\"\" \/>                            <\/a>\r\n                        <\/div>\r\n                     \t\r\n                    <div class=\"item_inn tranz\">\r\n                        <h2 class=\"posttitle tmnf_title\"><a class=\"link link--forsure\" href=\"https:\/\/dfltransferenciadecargas.com.br\/blog\/2024\/04\/12\/embarque-com-declaracao-de-conteudo\/\">Transporte com Declara\u00e7\u00e3o de conte\u00fado.<\/a><\/h2>\r\n                        <div class=\"clearfix\"><\/div>\r\n                           \r\n\t\t<p class=\"meta meta_deko tranz \">\r\n\t\t\t<span class=\"post-date\">Abril 12, 2024<span class=\"divider\">&bull;<\/span><\/span>\r\n\t\t\t<span class=\"categs\"><a href=\"https:\/\/dfltransferenciadecargas.com.br\/blog\/category\/uncategorized\/\" rel=\"category tag\">Uncategorized<\/a><\/span>\r\n\t\t\t<span class=\"commes\"><\/span>\r\n\t\t<\/p>\r\n\t                        <div class=\"clearfix\"><\/div>\r\n                    \t                    \t\t<div class=\"tmnf_excerpt\">A declara\u00e7\u00e3o de conte\u00fado foi criada para acompanhar os envios com fins n\u00e3o comerciais, uma forma de controle dos correios que surgiu em<span class=\"helip\">...<\/span><\/div>\r\n                    \t                           \r\n\t\t<span class=\"meta meta_more tranz \">\r\n\t\t\t\t<a href=\"https:\/\/dfltransferenciadecargas.com.br\/blog\/2024\/04\/12\/embarque-com-declaracao-de-conteudo\/\">Read More <span class=\"gimmimore tranz\">&rarr;<\/span><\/a>\r\n\t\r\n\t\t<\/span>\r\n\t                    <\/div><!-- end .item_inn -->     \r\n                <\/div><!-- end .item -->\r\n\t\t\t\r\n\t\t\t\t\t\t\t\t<div class=\"item item_small post-6479 post type-post status-publish format-standard has-post-thumbnail hentry category-evento\">  \r\n                                        \t<div class=\"imgwrap\">\r\n\t\t\t\t\t\t\t                            <div class=\"icon-rating tranz\"><\/div>\r\n                            <a href=\"https:\/\/dfltransferenciadecargas.com.br\/blog\/2024\/03\/22\/4-edicao-do-circuito-de-parceiros-2024\/\">\r\n                                <img loading=\"lazy\" decoding=\"async\" width=\"409\" height=\"320\" src=\"https:\/\/dfltransferenciadecargas.com.br\/blog\/wp-content\/uploads\/2024\/03\/CAPAS-BLOG-11-409x320.png\" class=\"tranz wp-post-image\" alt=\"\" \/>                            <\/a>\r\n                        <\/div>\r\n                     \t\r\n                    <div class=\"item_inn tranz\">\r\n                        <h2 class=\"posttitle tmnf_title\"><a class=\"link link--forsure\" href=\"https:\/\/dfltransferenciadecargas.com.br\/blog\/2024\/03\/22\/4-edicao-do-circuito-de-parceiros-2024\/\">4\u00b0 EDI\u00c7\u00c3O DO CIRCUITO DE PARCEIROS 2024<\/a><\/h2>\r\n                        <div class=\"clearfix\"><\/div>\r\n                           \r\n\t\t<p class=\"meta meta_deko tranz \">\r\n\t\t\t<span class=\"post-date\">Mar\u00e7o 22, 2024<span class=\"divider\">&bull;<\/span><\/span>\r\n\t\t\t<span class=\"categs\"><a href=\"https:\/\/dfltransferenciadecargas.com.br\/blog\/category\/news\/evento\/\" rel=\"category tag\">Evento<\/a><\/span>\r\n\t\t\t<span class=\"commes\"><\/span>\r\n\t\t<\/p>\r\n\t                        <div class=\"clearfix\"><\/div>\r\n                    \t                    \t\t<div class=\"tmnf_excerpt\">Mais um ano desse grande encontro junto aos nossos parceiros, e podemos dizer que foi grandioso e repleto de novidades! Pudemos contar com<span class=\"helip\">...<\/span><\/div>\r\n                    \t                           \r\n\t\t<span class=\"meta meta_more tranz \">\r\n\t\t\t\t<a href=\"https:\/\/dfltransferenciadecargas.com.br\/blog\/2024\/03\/22\/4-edicao-do-circuito-de-parceiros-2024\/\">Read More <span class=\"gimmimore tranz\">&rarr;<\/span><\/a>\r\n\t\r\n\t\t<\/span>\r\n\t                    <\/div><!-- end .item_inn -->     \r\n                <\/div><!-- end .item -->\r\n\t\t\t\r\n\t\t\t\t\t\t\t\t<div class=\"item item_small post-6458 post type-post status-publish format-standard has-post-thumbnail hentry category-featured\">  \r\n                                        \t<div class=\"imgwrap\">\r\n\t\t\t\t\t\t\t                            <div class=\"icon-rating tranz\"><\/div>\r\n                            <a href=\"https:\/\/dfltransferenciadecargas.com.br\/blog\/2024\/02\/22\/porque-a-dfl-e-a-sua-melhor-opcao-em-transferencia-de-cargas\/\">\r\n                                <img loading=\"lazy\" decoding=\"async\" width=\"409\" height=\"320\" src=\"https:\/\/dfltransferenciadecargas.com.br\/blog\/wp-content\/uploads\/2024\/02\/CAPAS-BLOG-9-409x320.png\" class=\"tranz wp-post-image\" alt=\"\" \/>                            <\/a>\r\n                        <\/div>\r\n                     \t\r\n                    <div class=\"item_inn tranz\">\r\n                        <h2 class=\"posttitle tmnf_title\"><a class=\"link link--forsure\" href=\"https:\/\/dfltransferenciadecargas.com.br\/blog\/2024\/02\/22\/porque-a-dfl-e-a-sua-melhor-opcao-em-transferencia-de-cargas\/\">Por que a DFL \u00e9 a sua melhor op\u00e7\u00e3o em transfer\u00eancia de cargas?<\/a><\/h2>\r\n                        <div class=\"clearfix\"><\/div>\r\n                           \r\n\t\t<p class=\"meta meta_deko tranz \">\r\n\t\t\t<span class=\"post-date\">Fevereiro 22, 2024<span class=\"divider\">&bull;<\/span><\/span>\r\n\t\t\t<span class=\"categs\"><a href=\"https:\/\/dfltransferenciadecargas.com.br\/blog\/category\/featured\/\" rel=\"category tag\">Novidades<\/a><\/span>\r\n\t\t\t<span class=\"commes\"><\/span>\r\n\t\t<\/p>\r\n\t                        <div class=\"clearfix\"><\/div>\r\n                    \t                    \t\t<div class=\"tmnf_excerpt\">Temos muitas ferramentas e processos que tornam a sua log\u00edstica mais \u00e1gil e exclusiva. Aqui voc\u00ea \u00e9 a nossa prioridade! 1. GUICH\u00ca<span class=\"helip\">...<\/span><\/div>\r\n                    \t                           \r\n\t\t<span class=\"meta meta_more tranz \">\r\n\t\t\t\t<a href=\"https:\/\/dfltransferenciadecargas.com.br\/blog\/2024\/02\/22\/porque-a-dfl-e-a-sua-melhor-opcao-em-transferencia-de-cargas\/\">Read More <span class=\"gimmimore tranz\">&rarr;<\/span><\/a>\r\n\t\r\n\t\t<\/span>\r\n\t                    <\/div><!-- end .item_inn -->     \r\n                <\/div><!-- end .item -->\r\n\t\t\t\r\n\t\t\t\t\t\t\t\t<div class=\"item item_small post-6425 post type-post status-publish format-standard has-post-thumbnail hentry category-featured\">  \r\n                                        \t<div class=\"imgwrap\">\r\n\t\t\t\t\t\t\t                            <div class=\"icon-rating tranz\"><\/div>\r\n                            <a href=\"https:\/\/dfltransferenciadecargas.com.br\/blog\/2024\/01\/23\/conheca-nosso-auto-atendimento-no-whattsap-informacao-rapida-na-palma-da-sua-mao\/\">\r\n                                <img loading=\"lazy\" decoding=\"async\" width=\"409\" height=\"320\" src=\"https:\/\/dfltransferenciadecargas.com.br\/blog\/wp-content\/uploads\/2024\/01\/CAPAS-BLOG-7-409x320.png\" class=\"tranz wp-post-image\" alt=\"\" \/>                            <\/a>\r\n                        <\/div>\r\n                     \t\r\n                    <div class=\"item_inn tranz\">\r\n                        <h2 class=\"posttitle tmnf_title\"><a class=\"link link--forsure\" href=\"https:\/\/dfltransferenciadecargas.com.br\/blog\/2024\/01\/23\/conheca-nosso-auto-atendimento-no-whattsap-informacao-rapida-na-palma-da-sua-mao\/\">Conhe\u00e7a nosso autoatendimento no WhatsApp &#8211; Informa\u00e7\u00e3o r\u00e1pida na palma da sua m\u00e3o.<\/a><\/h2>\r\n                        <div class=\"clearfix\"><\/div>\r\n                           \r\n\t\t<p class=\"meta meta_deko tranz \">\r\n\t\t\t<span class=\"post-date\">Janeiro 23, 2024<span class=\"divider\">&bull;<\/span><\/span>\r\n\t\t\t<span class=\"categs\"><a href=\"https:\/\/dfltransferenciadecargas.com.br\/blog\/category\/featured\/\" rel=\"category tag\">Novidades<\/a><\/span>\r\n\t\t\t<span class=\"commes\">\u2022 One Comment<\/span>\r\n\t\t<\/p>\r\n\t                        <div class=\"clearfix\"><\/div>\r\n                    \t                    \t\t<div class=\"tmnf_excerpt\">A tecnologia vem se tornando um dos pontos de grande crescimentos no mercado logistico facilitando a comunica\u00e7\u00e3o junto aos clientes nos<span class=\"helip\">...<\/span><\/div>\r\n                    \t                           \r\n\t\t<span class=\"meta meta_more tranz \">\r\n\t\t\t\t<a href=\"https:\/\/dfltransferenciadecargas.com.br\/blog\/2024\/01\/23\/conheca-nosso-auto-atendimento-no-whattsap-informacao-rapida-na-palma-da-sua-mao\/\">Read More <span class=\"gimmimore tranz\">&rarr;<\/span><\/a>\r\n\t\r\n\t\t<\/span>\r\n\t                    <\/div><!-- end .item_inn -->     \r\n                <\/div><!-- end .item -->\r\n\t\t\t\r\n\t\t\t\t\t\t\t\t<div class=\"item item_small post-6408 post type-post status-publish format-standard has-post-thumbnail hentry category-featured\">  \r\n                                        \t<div class=\"imgwrap\">\r\n\t\t\t\t\t\t\t                            <div class=\"icon-rating tranz\"><\/div>\r\n                            <a href=\"https:\/\/dfltransferenciadecargas.com.br\/blog\/2023\/11\/27\/conheca-nossas-areas-farma-e-alimentos\/\">\r\n                                <img loading=\"lazy\" decoding=\"async\" width=\"409\" height=\"320\" src=\"https:\/\/dfltransferenciadecargas.com.br\/blog\/wp-content\/uploads\/2023\/11\/CAPAS-BLOG-1-409x320.png\" class=\"tranz wp-post-image\" alt=\"\" \/>                            <\/a>\r\n                        <\/div>\r\n                     \t\r\n                    <div class=\"item_inn tranz\">\r\n                        <h2 class=\"posttitle tmnf_title\"><a class=\"link link--forsure\" href=\"https:\/\/dfltransferenciadecargas.com.br\/blog\/2023\/11\/27\/conheca-nossas-areas-farma-e-alimentos\/\">Conhe\u00e7a nossas \u00e1reas farma e alimentos.<\/a><\/h2>\r\n                        <div class=\"clearfix\"><\/div>\r\n                           \r\n\t\t<p class=\"meta meta_deko tranz \">\r\n\t\t\t<span class=\"post-date\">Novembro 27, 2023<span class=\"divider\">&bull;<\/span><\/span>\r\n\t\t\t<span class=\"categs\"><a href=\"https:\/\/dfltransferenciadecargas.com.br\/blog\/category\/featured\/\" rel=\"category tag\">Novidades<\/a><\/span>\r\n\t\t\t<span class=\"commes\"><\/span>\r\n\t\t<\/p>\r\n\t                        <div class=\"clearfix\"><\/div>\r\n                    \t                    \t\t<div class=\"tmnf_excerpt\">A DFL com sua ampla carteira de clientes, procura atend\u00ea-los com a m\u00e1xima qualidade em seus servi\u00e7os e estrutura para melhor<span class=\"helip\">...<\/span><\/div>\r\n                    \t                           \r\n\t\t<span class=\"meta meta_more tranz \">\r\n\t\t\t\t<a href=\"https:\/\/dfltransferenciadecargas.com.br\/blog\/2023\/11\/27\/conheca-nossas-areas-farma-e-alimentos\/\">Read More <span class=\"gimmimore tranz\">&rarr;<\/span><\/a>\r\n\t\r\n\t\t<\/span>\r\n\t                    <\/div><!-- end .item_inn -->     \r\n                <\/div><!-- end .item -->\r\n\t\t\t\t\t\t<\/div>\r\n            \r\n            <div class=\"container_vis cntr\">\r\n            \r\n                        \r\n            <\/div>\r\n            \r\n\t\t\t<div class=\"clearfix\"><\/div>\r\n\t\t\r\n\t\t\t\t<\/div>\n\t\t\t\t<\/div>\n\t\t\t\t<div class=\"elementor-element elementor-element-33cd18a elementor-align-center elementor-widget elementor-widget-button\" data-id=\"33cd18a\" data-element_type=\"widget\" data-widget_type=\"button.default\">\n\t\t\t\t<div class=\"elementor-widget-container\">\n\t\t\t\t\t<div class=\"elementor-button-wrapper\">\n\t\t\t<a href=\"https:\/\/jem.com.br\/blog\/news\" class=\"elementor-button-link elementor-button elementor-size-md\" role=\"button\">\n\t\t\t\t\t\t<span class=\"elementor-button-content-wrapper\">\n\t\t\t\t\t\t<span class=\"elementor-button-text\">Mais Postagens<\/span>\n\t\t<\/span>\n\t\t\t\t\t<\/a>\n\t\t<\/div>\n\t\t\t\t<\/div>\n\t\t\t\t<\/div>\n\t\t\t\t\t<\/div>\n\t\t<\/div>\n\t\t\t\t\t\t\t<\/div>\n\t\t<\/section>\n\t\t\t\t<section class=\"elementor-section elementor-top-section elementor-element elementor-element-bfdb3f9 elementor-section-boxed elementor-section-height-default elementor-section-height-default\" data-id=\"bfdb3f9\" data-element_type=\"section\" data-settings=\"{&quot;background_background&quot;:&quot;gradient&quot;}\">\n\t\t\t\t\t\t<div class=\"elementor-container elementor-column-gap-wider\">\n\t\t\t\t\t<div class=\"elementor-column elementor-col-50 elementor-top-column elementor-element elementor-element-3526d25\" data-id=\"3526d25\" data-element_type=\"column\">\n\t\t\t<div class=\"elementor-widget-wrap elementor-element-populated\">\n\t\t\t\t\t\t\t\t<div class=\"elementor-element elementor-element-698d11f elementor-widget elementor-widget-heading\" data-id=\"698d11f\" data-element_type=\"widget\" data-widget_type=\"heading.default\">\n\t\t\t\t<div class=\"elementor-widget-container\">\n\t\t\t<style>\/*! elementor - v3.7.8 - 02-10-2022 *\/\n.elementor-heading-title{padding:0;margin:0;line-height:1}.elementor-widget-heading .elementor-heading-title[class*=elementor-size-]>a{color:inherit;font-size:inherit;line-height:inherit}.elementor-widget-heading .elementor-heading-title.elementor-size-small{font-size:15px}.elementor-widget-heading .elementor-heading-title.elementor-size-medium{font-size:19px}.elementor-widget-heading .elementor-heading-title.elementor-size-large{font-size:29px}.elementor-widget-heading .elementor-heading-title.elementor-size-xl{font-size:39px}.elementor-widget-heading .elementor-heading-title.elementor-size-xxl{font-size:59px}<\/style><h2 class=\"elementor-heading-title elementor-size-xl\">V\u00eddeo Institucional<\/h2>\t\t<\/div>\n\t\t\t\t<\/div>\n\t\t\t\t<div class=\"elementor-element elementor-element-7c2b3e4 elementor-widget elementor-widget-text-editor\" data-id=\"7c2b3e4\" data-element_type=\"widget\" data-widget_type=\"text-editor.default\">\n\t\t\t\t<div class=\"elementor-widget-container\">\n\t\t\t<style>\/*! elementor - v3.7.8 - 02-10-2022 *\/\n.elementor-widget-text-editor.elementor-drop-cap-view-stacked .elementor-drop-cap{background-color:#818a91;color:#fff}.elementor-widget-text-editor.elementor-drop-cap-view-framed .elementor-drop-cap{color:#818a91;border:3px solid;background-color:transparent}.elementor-widget-text-editor:not(.elementor-drop-cap-view-default) .elementor-drop-cap{margin-top:8px}.elementor-widget-text-editor:not(.elementor-drop-cap-view-default) .elementor-drop-cap-letter{width:1em;height:1em}.elementor-widget-text-editor .elementor-drop-cap{float:left;text-align:center;line-height:1;font-size:50px}.elementor-widget-text-editor .elementor-drop-cap-letter{display:inline-block}<\/style>\t\t\t\t<p><span style=\"color: #828282; font-size: 15px; font-family: var( --e-global-typography-text-font-family ), Sans-serif; font-weight: var( --e-global-typography-text-font-weight ); background-color: transparent;\">Estamos focados em contribuir para o sucesso do nosso cliente. Atrav\u00e9s de profissionalismo e atendimento humanizado, oferecemos servi\u00e7os personalizados.<\/span><\/p>\n<p><span style=\"color: #828282; font-size: 15px;\">Presente no mercado h\u00e1 quase 2 d\u00e9cadas, possu\u00edmos infraestrutura e tecnologia de ponta para garantir pre\u00e7o justo, seguran\u00e7a, rapidez e pontualidade na transfer\u00eancia de mercadorias para qualquer regi\u00e3o do Brasil.<\/span><\/p>\t\t\t\t\t\t<\/div>\n\t\t\t\t<\/div>\n\t\t\t\t\t<\/div>\n\t\t<\/div>\n\t\t\t\t<div class=\"elementor-column elementor-col-50 elementor-top-column elementor-element elementor-element-e084b6c\" data-id=\"e084b6c\" data-element_type=\"column\">\n\t\t\t<div class=\"elementor-widget-wrap elementor-element-populated\">\n\t\t\t\t\t\t\t\t<div class=\"elementor-element elementor-element-60a0447 elementor-aspect-ratio-169 elementor-widget elementor-widget-video\" data-id=\"60a0447\" data-element_type=\"widget\" data-settings=\"{&quot;youtube_url&quot;:&quot;https:\\\/\\\/www.youtube.com\\\/watch?v=Q3XOcwN9W1w&amp;ab_channel=JEM-Transfer%C3%AAnciadeCargas&quot;,&quot;video_type&quot;:&quot;youtube&quot;,&quot;controls&quot;:&quot;yes&quot;,&quot;aspect_ratio&quot;:&quot;169&quot;}\" data-widget_type=\"video.default\">\n\t\t\t\t<div class=\"elementor-widget-container\">\n\t\t\t<style>\/*! elementor - v3.7.8 - 02-10-2022 *\/\n.elementor-widget-video .elementor-widget-container{overflow:hidden;-webkit-transform:translateZ(0);transform:translateZ(0)}.elementor-widget-video .elementor-open-inline .elementor-custom-embed-image-overlay{position:absolute;top:0;left:0;width:100%;height:100%;background-size:cover;background-position:50%}.elementor-widget-video .elementor-custom-embed-image-overlay{cursor:pointer;text-align:center}.elementor-widget-video .elementor-custom-embed-image-overlay:hover .elementor-custom-embed-play i{opacity:1}.elementor-widget-video .elementor-custom-embed-image-overlay img{display:block;width:100%}.elementor-widget-video .e-hosted-video .elementor-video{-o-object-fit:cover;object-fit:cover}.e-container>.elementor-widget-video{width:var(--container-widget-width,100%)}<\/style>\t\t<div class=\"elementor-wrapper elementor-fit-aspect-ratio elementor-open-inline\">\n\t\t\t<div class=\"elementor-video\"><\/div>\t\t<\/div>\n\t\t\t\t<\/div>\n\t\t\t\t<\/div>\n\t\t\t\t\t<\/div>\n\t\t<\/div>\n\t\t\t\t\t\t\t<\/div>\n\t\t<\/section>\n\t\t\t\t<section class=\"elementor-section elementor-top-section elementor-element elementor-element-c69e7a2 elementor-section-boxed elementor-section-height-default elementor-section-height-default\" data-id=\"c69e7a2\" data-element_type=\"section\">\n\t\t\t\t\t\t<div class=\"elementor-container elementor-column-gap-default\">\n\t\t\t\t\t<div class=\"elementor-column elementor-col-100 elementor-top-column elementor-element elementor-element-6941801\" data-id=\"6941801\" data-element_type=\"column\">\n\t\t\t<div class=\"elementor-widget-wrap elementor-element-populated\">\n\t\t\t\t\t\t\t\t<div class=\"elementor-element elementor-element-212111c elementor-widget elementor-widget-html\" data-id=\"212111c\" data-element_type=\"widget\" data-widget_type=\"html.default\">\n\t\t\t\t<div class=\"elementor-widget-container\">\n\t\t\t<script>\n    \n    \tjQuery('.meta_more a').each(function(){ \n\t\tjQuery(this).html('Continue Lendo <span class=\"gimmimore tranz\">\u2192<\/span>'); \n\t}); \n<\/script>\t\t<\/div>\n\t\t\t\t<\/div>\n\t\t\t\t\t<\/div>\n\t\t<\/div>\n\t\t\t\t\t\t\t<\/div>\n\t\t<\/section>\n\t\t\t\t\t\t\t<\/div>\n\t\t","protected":false},"excerpt":{"rendered":"<div class=\"tmnf_excerpt\">Mais Postagens V\u00eddeo Institucional Estamos focados em contribuir para o sucesso do nosso cliente. A\u2026<\/div>","protected":false},"author":1,"featured_media":0,"parent":0,"menu_order":0,"comment_status":"closed","ping_status":"closed","template":"elementor_header_footer","meta":{"footnotes":""},"class_list":["post-5349","page","type-page","status-publish","hentry"],"_links":{"self":[{"href":"https:\/\/dfltransferenciadecargas.com.br\/blog\/wp-json\/wp\/v2\/pages\/5349","targetHints":{"allow":["GET"]}}],"collection":[{"href":"https:\/\/dfltransferenciadecargas.com.br\/blog\/wp-json\/wp\/v2\/pages"}],"about":[{"href":"https:\/\/dfltransferenciadecargas.com.br\/blog\/wp-json\/wp\/v2\/types\/page"}],"author":[{"embeddable":true,"href":"https:\/\/dfltransferenciadecargas.com.br\/blog\/wp-json\/wp\/v2\/users\/1"}],"replies":[{"embeddable":true,"href":"https:\/\/dfltransferenciadecargas.com.br\/blog\/wp-json\/wp\/v2\/comments?post=5349"}],"version-history":[{"count":47,"href":"https:\/\/dfltransferenciadecargas.com.br\/blog\/wp-json\/wp\/v2\/pages\/5349\/revisions"}],"predecessor-version":[{"id":6331,"href":"https:\/\/dfltransferenciadecargas.com.br\/blog\/wp-json\/wp\/v2\/pages\/5349\/revisions\/6331"}],"wp:attachment":[{"href":"https:\/\/dfltransferenciadecargas.com.br\/blog\/wp-json\/wp\/v2\/media?parent=5349"}],"curies":[{"name":"wp","href":"https:\/\/api.w.org\/{rel}","templated":true}]}}